{"id":958,"date":"2025-02-23T23:52:47","date_gmt":"2025-02-23T22:52:47","guid":{"rendered":"https:\/\/saatgutvielfalt.oebz.de\/?page_id=958"},"modified":"2025-04-05T12:41:41","modified_gmt":"2025-04-05T11:41:41","slug":"7-saatgut-festival","status":"publish","type":"page","link":"https:\/\/saatgutvielfalt.oebz.de\/index.php\/saatgut-festival\/7-saatgut-festival\/","title":{"rendered":"7. Saatgut-Festival 2025"},"content":{"rendered":"\n<iframe loading=\"lazy\" title=\"vimeo-player\" src=\"https:\/\/player.vimeo.com\/video\/1069023916?h=9711c2b50d\" width=\"640\" height=\"360\" frameborder=\"0\"    allowfullscreen><\/iframe>\n\n\n\n<h2 class=\"wp-block-heading\">Vielfalt erhalten und genie\u00dfen! <strong><\/strong><\/h2>\n\n\n\n<h3 class=\"wp-block-heading\"><strong><em>Vielfalt erhalten und genie\u00dfen \u2013<em> am 23. Februar 2025 fand im \u00d6BZ das <\/em><strong><em>7. Saatgut-Festival statt<\/em><\/strong><\/em><\/strong><\/h3>\n\n\n\n<p>Am 23. Februar 2025 fand von 10 bis 17 Uhr im \u00d6kologischen Bildungszentrum (\u00d6BZ) das 7. M\u00fcnchner Saatgut-Festival statt. Mehr als 1.500 G\u00e4ste wurden im Laufe des Tages gez\u00e4hlt. Im Zentrum stand der gro\u00dfe Markt mit zahlreichen Anbietern samenfester Kultursorten und St\u00e4nden, die Informationen rund um das Thema Saatgutvielfalt und Urban Gardening angeboten haben. Am Vormittag konnten zudem G\u00e4rtnerinnen und G\u00e4rtner, eigenes Saatgut mit dem von anderen tauschen.<\/p>\n\n\n\n<p>Als Schwerpunkt der begleitenden Vortragsreihe wurden die Bedeutung samenfester Kultursorten im \u00f6kologischen Anbau, die Erhaltung der Sortenvielfalt sowie die F\u00f6rderung der biologischen Vielfalt in unseren G\u00e4rten in den Fokus genommen. Christine Nimmerfall, (Lebendiges Naturerleben) gab praktische Tipps f\u00fcr das klimafreundliche<strong> <\/strong>G\u00e4rtnern in K\u00fcbeln, K\u00e4sten und auf kleinen Fl\u00e4chen. Christian Herb von der Biog\u00e4rtnerei Herb im Allg\u00e4u widmete sich den &#8222;Fr\u00fcchten aus dem Paradies&#8220; und gab seine Erfahrungen \u00fcber die biologische Aussaat und Pflege von Tomaten weiter. Beim Vortrag von Annette Holl\u00e4nder (Garten des Lebens) lag der Schwerpunkt auf der Vielfalt erhaltenden Sameng\u00e4rtnerei im Hausgarten. Wie man die Vielfalt heimischer Wildpflanzen in den eigenen Garten holen kann, und vor allem wie man damit auch in der Stadt einen Beitrag zur F\u00f6rderung der Biodiversit\u00e4t leisten kann, erl\u00e4uterte Konrad Bucher anhand des BioDivHubs-Projekts am \u00d6BZ. Urban Ewald warf einen Blick auf die Bedeutung der Zukunftssicherung von Saatgut und stellte in diesem Zusammenhang die wertvolle Arbeit der Kulturpflanzenentwicklung am Beispiel des Biobetriebs am Obergrashof vor. Und Christoph Then, einer der tragenden Personen der Kampagne &#8222;Kein Patent auf Saatgut&#8220;, setzte sich kritisch mit den rechtlichen Entwicklungen in der Pflanzenzucht auseinander und informierte \u00fcber aktuelle technische Aspekte der neuen Gentechnik und die Bef\u00fcrchtung, dass diese bald durch die Hintert\u00fcre ohne Risikopr\u00fcfung und Kennzeichnung bei uns Einzug halten k\u00f6nnte.<\/p>\n\n\n\n<p>Am Nachmittag konnten auch die Kinder zum Zug kommen. F\u00fcr sie gab es Saatgut, das sie in kleine T\u00f6pfchen ausbringen und so ihre ersten Pflanzerfahrungen sammeln konnten. <\/p>\n\n\n\n<iframe loading=\"lazy\" src=\"https:\/\/player.vimeo.com\/video\/1071463858?title=0&amp;byline=0&amp;portrait=0&amp;badge=0&amp;autopause=0&amp;player_id=0&amp;app_id=58479\" width=\"640\" height=\"360\" frameborder=\"0\" allow=\"autoplay; fullscreen; picture-in-picture; clipboard-write; encrypted-media\" title=\"frozen beans. melting beans.\"><\/iframe>\n\n\n\n<p>Besondere Aufmerksamkeit erhielt die Kunstaktion von Ella von der Haide und Eva Weigel, die sich auf dem Vorplatz abspielte. &#8222;Frozen Beans. Melting Beans&#8220; nannten sie ihre Performance, bei der Bohnensamen als Sinnbild f\u00fcr die Wertigkeit von Saatgut in einen gro\u00dfen Eisblock eingefroren waren. Die Besucherinnen und Besucher waren eingeladen, diese aus dem Eis zu befreien, um sie sp\u00e4ter wieder zuhause einzupflanzen \u2013\u00a0eine &#8222;Wiederbeerdigung&#8220;, wie die K\u00fcnstlerinnen es nannten \u2013\u00a0und damit symbolisch ein wertgesch\u00e4tztes St\u00fcck Saatgutsouver\u00e4nit\u00e4t mit nachhause nehmen konnten.Das vom M\u00fcnchner Umwelt-Zentrum e.V. im \u00d6BZ gemeinsam mit dem Verein f\u00fcr Nutzpflanzenvielfalt e.V. (VEN) organisierte Saatgut-Festival wurde gef\u00f6rdert durch das Referat f\u00fcr Klima- und Umweltschutz der Landeshauptstadt M\u00fcnchen.<\/p>\n\n\n\n<hr class=\"wp-block-separator has-alpha-channel-opacity\"\/>\n\n\n\n<h3 class=\"wp-block-heading\">VERANSTALTUNGSPROGRAMM am 23.02.2025<\/h3>\n\n\n\n<p>10:00 &#8211; 17:00 Uhr<br><strong>Saatgut- und Infomarkt<\/strong><\/p>\n\n\n\n<p>10:00 &#8211; 13:00 Uhr<br><strong>Saatgut-Tauschb\u00f6rse von und f\u00fcr private G\u00e4rtner*innen<\/strong><br><br>14:00 &#8211; 17:00 Uhr | Beginn um 14:00 \/14:45\/15:30 \/16:15 Uhr<br><strong>Kinderaktion<\/strong><\/p>\n\n\n\n<p>Au\u00dferdem von Ella von der Haide und Eva Weigel<br><strong>Kunstperformance &#8222;frozen beans. melting beans&#8220;<\/strong><\/p>\n\n\n\n<p>VORTRAGSPROGRAMM<\/p>\n\n\n\n<p>11:00 Uhr<br>Christine Nimmerfall, lebendiges Naturerleben<br><strong>Klimafreundliches G\u00e4rtnern in K\u00fcbeln, K\u00e4sten und auf kleinen Fl\u00e4chen<\/strong><\/p>\n\n\n\n<p>12:00 Uhr<br>Urban Ewald, Kulturpflanzenentwicklung Obergrashof e.V.<br><strong>Samen f\u00fcr die Zukunft<\/strong><\/p>\n\n\n\n<p>13:00 Uhr<br>Annette Holl\u00e4nder, Garten des Lebens<br><strong>Vielfalt erhalten &#8211; Sameng\u00e4rtnerei im Hausgarten<\/strong><\/p>\n\n\n\n<p>14:00 Uhr<br>Christian Herb, Biog\u00e4rtnerei Herb<br><strong>Fr\u00fcchte aus dem Paradies. \u00dcber die biologische Aussaat und Pflege von Tomaten im eigenen Garten<\/strong><\/p>\n\n\n\n<p>15:00 Uhr<br>Christoph Then, Kein Patent auf Saatgut<br><strong>Neue Gentechnik &#8211; bald ohne Risikopr\u00fcfung und Kennzeichnung?<\/strong><\/p>\n\n\n\n<p>16:00 Uhr<br>Konrad Bucher, BioDivHub-Projekt am \u00d6BZ<br><strong>Die Vielfalt heimischer Wildpflanzen in den Garten holen<\/strong><\/p>\n\n\n\n<hr class=\"wp-block-separator has-alpha-channel-opacity\"\/>\n\n\n\n<h3 class=\"wp-block-heading\">AUSSTELLER SAATGUT-MARKT<\/h3>\n\n\n\n<p>ANNEMARIE DR\u00dcSCHLER | Saatgut aus Erhaltungsanbau<br>BIODIVHUBS &#8211; Biodiversit\u00e4t ins Quartier | Infostand<br>BIOG\u00c4RTNEREI HERB | Kr\u00e4uter- und Gem\u00fcsesamen<br>BIOHOF BRANDL | Gebrannte Haseln\u00fcsse<br>IMKEREI PIXIS | Infostand und Honig<br>EXPERIMENTIERGARTEN AM \u00d6BZ | Projekt Bohnenvielfalt<br>GARTEN DES LEBENS | Samenfestes Saatgut und B\u00fccher<br>KARTOFFELHOF ST\u00d6RKLE | Bunte Kartoffelvielfalt<br>LH M\u00dcNCHEN REFERAT F\u00dcR KLIMA UND UMWELTSCHUTZ | Infos \u00fcber F\u00f6rderprogramm Biodiversit\u00e4t<br>M\u00dcNCHNER ERN\u00c4HRUNGSRAT | Infostand<br>NATURGARTEN e.V., REGIONALGRUPPE M\u00dcNCHEN | Infostand<br>OBSTG\u00c4RTNEREI BRAUNOLD | Obstbaum-Verkauf, Informationen zu alten Obstsorten<br>\u00d6KO &amp; FAIR | Samenfestes Saatgut, DVDs, B\u00fccher<br>PFLANZ&#8216; GUTES | Gem\u00fcse- und Kr\u00e4utersamen aus Permakultur<br>REGENBOGENSCHMIEDE | Vielfaltssaatgut, Kr\u00e4utertees, u. a.<br>RITA LICHTENEGGER | Saatgut seltener und historischer Sorten<br>URBANE G\u00c4RTEN M\u00dcNCHEN | Infostand<br>VEN e.V., REGIONALGRUPPE MARKT SCHWABEN | Infostand<\/p>\n\n\n\n<p>Das Saatgutfestival im \u00d6BZ wird freundlich unterst\u00fctzt von:<\/p>\n\n\n\n<figure class=\"wp-block-image size-medium\"><img loading=\"lazy\" decoding=\"async\" width=\"300\" height=\"96\" src=\"https:\/\/saatgutvielfalt.oebz.de\/wp-content\/uploads\/2025\/03\/RKU-12-schwarz-300x96.png\" alt=\"\" class=\"wp-image-964\" srcset=\"https:\/\/saatgutvielfalt.oebz.de\/wp-content\/uploads\/2025\/03\/RKU-12-schwarz-300x96.png 300w, https:\/\/saatgutvielfalt.oebz.de\/wp-content\/uploads\/2025\/03\/RKU-12-schwarz-100x32.png 100w, https:\/\/saatgutvielfalt.oebz.de\/wp-content\/uploads\/2025\/03\/RKU-12-schwarz-150x48.png 150w, https:\/\/saatgutvielfalt.oebz.de\/wp-content\/uploads\/2025\/03\/RKU-12-schwarz-200x64.png 200w, https:\/\/saatgutvielfalt.oebz.de\/wp-content\/uploads\/2025\/03\/RKU-12-schwarz-450x144.png 450w, https:\/\/saatgutvielfalt.oebz.de\/wp-content\/uploads\/2025\/03\/RKU-12-schwarz.png 588w\" sizes=\"auto, (max-width: 300px) 100vw, 300px\" \/><\/figure>\n","protected":false},"excerpt":{"rendered":"<p>Vielfalt erhalten und genie\u00dfen! Vielfalt erhalten und genie\u00dfen \u2013 am 23. Februar 2025 fand im \u00d6BZ das 7. Saatgut-Festival statt Am 23. Februar 2025 fand von 10 bis 17 Uhr im \u00d6kologischen Bildungszentrum (\u00d6BZ) das 7. M\u00fcnchner Saatgut-Festival statt. Mehr &hellip;<\/p>\n<p class=\"read-more\"> <a class=\"more-link\" href=\"https:\/\/saatgutvielfalt.oebz.de\/index.php\/saatgut-festival\/7-saatgut-festival\/\"> <span class=\"screen-reader-text\">7. Saatgut-Festival 2025<\/span> Weiterlesen &raquo;<\/a><\/p>\n","protected":false},"author":2,"featured_media":0,"parent":192,"menu_order":0,"comment_status":"closed","ping_status":"closed","template":"","meta":{"footnotes":""},"class_list":["post-958","page","type-page","status-publish","hentry"],"_links":{"self":[{"href":"https:\/\/saatgutvielfalt.oebz.de\/index.php\/wp-json\/wp\/v2\/pages\/958","targetHints":{"allow":["GET"]}}],"collection":[{"href":"https:\/\/saatgutvielfalt.oebz.de\/index.php\/wp-json\/wp\/v2\/pages"}],"about":[{"href":"https:\/\/saatgutvielfalt.oebz.de\/index.php\/wp-json\/wp\/v2\/types\/page"}],"author":[{"embeddable":true,"href":"https:\/\/saatgutvielfalt.oebz.de\/index.php\/wp-json\/wp\/v2\/users\/2"}],"replies":[{"embeddable":true,"href":"https:\/\/saatgutvielfalt.oebz.de\/index.php\/wp-json\/wp\/v2\/comments?post=958"}],"version-history":[{"count":7,"href":"https:\/\/saatgutvielfalt.oebz.de\/index.php\/wp-json\/wp\/v2\/pages\/958\/revisions"}],"predecessor-version":[{"id":985,"href":"https:\/\/saatgutvielfalt.oebz.de\/index.php\/wp-json\/wp\/v2\/pages\/958\/revisions\/985"}],"up":[{"embeddable":true,"href":"https:\/\/saatgutvielfalt.oebz.de\/index.php\/wp-json\/wp\/v2\/pages\/192"}],"wp:attachment":[{"href":"https:\/\/saatgutvielfalt.oebz.de\/index.php\/wp-json\/wp\/v2\/media?parent=958"}],"curies":[{"name":"wp","href":"https:\/\/api.w.org\/{rel}","templated":true}]}}