{"id":78,"date":"2021-02-07T21:09:39","date_gmt":"2021-02-07T20:09:39","guid":{"rendered":"https:\/\/test.oebz.de\/?page_id=78"},"modified":"2025-03-01T20:21:54","modified_gmt":"2025-03-01T19:21:54","slug":"impressum","status":"publish","type":"page","link":"https:\/\/saatgutvielfalt.oebz.de\/index.php\/impressum\/","title":{"rendered":"Impressum"},"content":{"rendered":"\n<h3 class=\"wp-block-heading\">Informationspflicht laut \u00a7 5 TMG.<\/h3>\n\n\n\n<p><strong>M\u00fcnchner Umwelt-Zentrum e.V.<\/strong><br>\u00d6kologisches Bildungszentrum M\u00fcnchen<br>Englschalkinger Stra\u00dfe 166<br>81927 M\u00fcnchen<br>Deutschland<\/p>\n\n\n\n<p><strong>Tel.:<\/strong> 089\/949389-71<br><strong>E-Mail:<\/strong> <a href=\"mailto:muz@oebz.de\">muz@oebz.de<\/a><\/p>\n\n\n\n<p><strong>Vereinszweck<\/strong><br>Umweltbildung, Bildung f\u00fcr Nachhaltige Entwicklung, Naturschutz<\/p>\n\n\n\n<p><strong>Vorstand:<\/strong><br>Heike Amend, Konrad Bucher, Bianca Keller, Silke Levermann<br><br><strong>Gesch\u00e4ftsf\u00fchrer:<\/strong><br>Marc Haug (V.i.S.d.P.)<\/p>\n\n\n\n<p><strong>Register:<\/strong> Vereinsregister<br><strong>Registernummer:<\/strong> VR 13616<br><strong>Registergericht:<\/strong> Amtsgericht M\u00fcnchen<br><\/p>\n\n\n\n<p>Quelle: Erstellt&nbsp;mit dem <a href=\"https:\/\/www.adsimple.de\/impressum-generator\/\" target=\"_blank\" rel=\"noreferrer noopener\">Impressum Generator<\/a> von AdSimple&nbsp;in Kooperation mit <a href=\"https:\/\/www.warkly.de\" target=\"_blank\" rel=\"noreferrer noopener\">warkly.de<\/a><\/p>\n","protected":false},"excerpt":{"rendered":"<p>Informationspflicht laut \u00a7 5 TMG. M\u00fcnchner Umwelt-Zentrum e.V.\u00d6kologisches Bildungszentrum M\u00fcnchenEnglschalkinger Stra\u00dfe 16681927 M\u00fcnchenDeutschland Tel.: 089\/949389-71E-Mail: muz@oebz.de VereinszweckUmweltbildung, Bildung f\u00fcr Nachhaltige Entwicklung, Naturschutz Vorstand:Heike Amend, Konrad Bucher, Bianca Keller, Silke Levermann Gesch\u00e4ftsf\u00fchrer:Marc Haug (V.i.S.d.P.) Register: VereinsregisterRegisternummer: VR 13616Registergericht: Amtsgericht M\u00fcnchen Quelle: &hellip;<\/p>\n<p class=\"read-more\"> <a class=\"more-link\" href=\"https:\/\/saatgutvielfalt.oebz.de\/index.php\/impressum\/\"> <span class=\"screen-reader-text\">Impressum<\/span> Weiterlesen &raquo;<\/a><\/p>\n","protected":false},"author":2,"featured_media":0,"parent":0,"menu_order":0,"comment_status":"closed","ping_status":"closed","template":"","meta":{"footnotes":""},"class_list":["post-78","page","type-page","status-publish","hentry"],"_links":{"self":[{"href":"https:\/\/saatgutvielfalt.oebz.de\/index.php\/wp-json\/wp\/v2\/pages\/78","targetHints":{"allow":["GET"]}}],"collection":[{"href":"https:\/\/saatgutvielfalt.oebz.de\/index.php\/wp-json\/wp\/v2\/pages"}],"about":[{"href":"https:\/\/saatgutvielfalt.oebz.de\/index.php\/wp-json\/wp\/v2\/types\/page"}],"author":[{"embeddable":true,"href":"https:\/\/saatgutvielfalt.oebz.de\/index.php\/wp-json\/wp\/v2\/users\/2"}],"replies":[{"embeddable":true,"href":"https:\/\/saatgutvielfalt.oebz.de\/index.php\/wp-json\/wp\/v2\/comments?post=78"}],"version-history":[{"count":6,"href":"https:\/\/saatgutvielfalt.oebz.de\/index.php\/wp-json\/wp\/v2\/pages\/78\/revisions"}],"predecessor-version":[{"id":947,"href":"https:\/\/saatgutvielfalt.oebz.de\/index.php\/wp-json\/wp\/v2\/pages\/78\/revisions\/947"}],"wp:attachment":[{"href":"https:\/\/saatgutvielfalt.oebz.de\/index.php\/wp-json\/wp\/v2\/media?parent=78"}],"curies":[{"name":"wp","href":"https:\/\/api.w.org\/{rel}","templated":true}]}}