{"id":696,"date":"2021-04-12T11:22:03","date_gmt":"2021-04-12T10:22:03","guid":{"rendered":"https:\/\/saatgutvielfalt.oebz.de\/?page_id=696"},"modified":"2021-04-12T11:22:35","modified_gmt":"2021-04-12T10:22:35","slug":"2-saatgut-festival-2016","status":"publish","type":"page","link":"https:\/\/saatgutvielfalt.oebz.de\/index.php\/saatgut-festival\/2-saatgut-festival-2016\/","title":{"rendered":"2. Saatgut-Festival 2016"},"content":{"rendered":"\n<h2 class=\"wp-block-heading\">2. Saatgut-Festival am \u00d6BZ 2016<\/h2>\n\n\n\n<p>Am Sonntag, 21. Februar 2016 fand das zweite Saatgut-Festival in den R\u00e4umen des \u00d6BZ statt. Veranstaltet hat das Saatgutfestival das M\u00fcnchner Umwelt-Zentrum e.V. im \u00d6BZ in Kooperation mit dem VEN, dem Verein zur Erhaltung der Nutzpflanzenvielfalt. Geboten wurden ein gro\u00dfer Saatgutmarkt, ein umfangreiches Vortragsprogramm, Filmvorf\u00fchrungen und eine offene Kinderaktion ab 14.00 Uhr.<\/p>\n\n\n\n <iframe loading=\"lazy\" src=\"https:\/\/player.vimeo.com\/video\/158760560\" webkitallowfullscreen=\"\" mozallowfullscreen=\"\" allowfullscreen=\"\" width=\"500\" height=\"281\" frameborder=\"0\"><\/iframe>\n\n\n\n<p>Das Saatgut-Festival im \u00d6BZ wurde unterst\u00fctzt durch:<\/p>\n\n\n\n<figure class=\"wp-block-image size-large is-resized\"><img loading=\"lazy\" decoding=\"async\" src=\"https:\/\/saatgutvielfalt.oebz.de\/wp-content\/uploads\/2021\/04\/Biostadt_RGU.jpg\" alt=\"\" class=\"wp-image-672\" width=\"366\" height=\"77\" srcset=\"https:\/\/saatgutvielfalt.oebz.de\/wp-content\/uploads\/2021\/04\/Biostadt_RGU.jpg 732w, https:\/\/saatgutvielfalt.oebz.de\/wp-content\/uploads\/2021\/04\/Biostadt_RGU-300x63.jpg 300w, https:\/\/saatgutvielfalt.oebz.de\/wp-content\/uploads\/2021\/04\/Biostadt_RGU-100x21.jpg 100w, https:\/\/saatgutvielfalt.oebz.de\/wp-content\/uploads\/2021\/04\/Biostadt_RGU-150x32.jpg 150w, https:\/\/saatgutvielfalt.oebz.de\/wp-content\/uploads\/2021\/04\/Biostadt_RGU-200x42.jpg 200w, https:\/\/saatgutvielfalt.oebz.de\/wp-content\/uploads\/2021\/04\/Biostadt_RGU-450x95.jpg 450w, https:\/\/saatgutvielfalt.oebz.de\/wp-content\/uploads\/2021\/04\/Biostadt_RGU-600x126.jpg 600w\" sizes=\"auto, (max-width: 366px) 100vw, 366px\" \/><\/figure>\n","protected":false},"excerpt":{"rendered":"<p>2. Saatgut-Festival am \u00d6BZ 2016 Am Sonntag, 21. Februar 2016 fand das zweite Saatgut-Festival in den R\u00e4umen des \u00d6BZ statt. Veranstaltet hat das Saatgutfestival das M\u00fcnchner Umwelt-Zentrum e.V. im \u00d6BZ in Kooperation mit dem VEN, dem Verein zur Erhaltung der &hellip;<\/p>\n<p class=\"read-more\"> <a class=\"more-link\" href=\"https:\/\/saatgutvielfalt.oebz.de\/index.php\/saatgut-festival\/2-saatgut-festival-2016\/\"> <span class=\"screen-reader-text\">2. Saatgut-Festival 2016<\/span> Weiterlesen &raquo;<\/a><\/p>\n","protected":false},"author":2,"featured_media":0,"parent":192,"menu_order":0,"comment_status":"closed","ping_status":"closed","template":"","meta":{"footnotes":""},"class_list":["post-696","page","type-page","status-publish","hentry"],"_links":{"self":[{"href":"https:\/\/saatgutvielfalt.oebz.de\/index.php\/wp-json\/wp\/v2\/pages\/696","targetHints":{"allow":["GET"]}}],"collection":[{"href":"https:\/\/saatgutvielfalt.oebz.de\/index.php\/wp-json\/wp\/v2\/pages"}],"about":[{"href":"https:\/\/saatgutvielfalt.oebz.de\/index.php\/wp-json\/wp\/v2\/types\/page"}],"author":[{"embeddable":true,"href":"https:\/\/saatgutvielfalt.oebz.de\/index.php\/wp-json\/wp\/v2\/users\/2"}],"replies":[{"embeddable":true,"href":"https:\/\/saatgutvielfalt.oebz.de\/index.php\/wp-json\/wp\/v2\/comments?post=696"}],"version-history":[{"count":1,"href":"https:\/\/saatgutvielfalt.oebz.de\/index.php\/wp-json\/wp\/v2\/pages\/696\/revisions"}],"predecessor-version":[{"id":697,"href":"https:\/\/saatgutvielfalt.oebz.de\/index.php\/wp-json\/wp\/v2\/pages\/696\/revisions\/697"}],"up":[{"embeddable":true,"href":"https:\/\/saatgutvielfalt.oebz.de\/index.php\/wp-json\/wp\/v2\/pages\/192"}],"wp:attachment":[{"href":"https:\/\/saatgutvielfalt.oebz.de\/index.php\/wp-json\/wp\/v2\/media?parent=696"}],"curies":[{"name":"wp","href":"https:\/\/api.w.org\/{rel}","templated":true}]}}