{"id":686,"date":"2021-04-12T11:03:26","date_gmt":"2021-04-12T10:03:26","guid":{"rendered":"https:\/\/saatgutvielfalt.oebz.de\/?page_id=686"},"modified":"2021-04-12T11:15:18","modified_gmt":"2021-04-12T10:15:18","slug":"4-saatgut-festival","status":"publish","type":"page","link":"https:\/\/saatgutvielfalt.oebz.de\/index.php\/saatgut-festival\/4-saatgut-festival\/","title":{"rendered":"4. Saatgut-Festival 2018"},"content":{"rendered":"\n<h2 class=\"wp-block-heading\">4. Saatgut-Festival am \u00d6BZ<\/h2>\n\n\n\n<p>Am 25. Februar 2018 veranstalteten das M\u00fcnchner Umwelt-Zentrum und der Verein f\u00fcr Nutzpflanzenvielfalt (VEN) von 10 bis 17 Uhr das 4. Saatgut-Festival im \u00d6BZ. Auch in diesem Jahr str\u00f6mten hunderte Interessierte zum \u00d6kologischen Bildungszentrum. Insgesamt z\u00e4hlten wir rund 1.200 Besucherinnen und Besucher, die sich f\u00fcr die bunte Palette alter und samenfester Kultursorten und das reichhaltige Informationsangebot auf dem Saatgut-Markt im \u00d6BZ und im Ausstellerzelt auf dem Vorplatz interessierten. Auch die Tauschb\u00f6rse am Vormittag, auf der private G\u00e4rtnerinnen und G\u00e4rtner ihr Saatgut weitergeben konnten, war sehr gut frequentiert. F\u00fcr Kinder wurde am Nachmittag ein eigenenes Programm angeboten: Sie konnten begleitet durch eine Umweltp\u00e4dagogin in kleinen Minig\u00e4rtchen praktische Erfahrungen mit Saatgut und Erde sammeln oder f\u00fcr das Fr\u00fchjahr Samenkugeln basteln.\u00a0Die ebenfalls gut besuchte Vortragsreihe widmete sich in diesem Jahr dem Schwerpunkt Boden.<\/p>\n\n\n\n<p>Die Vortr\u00e4ge haben wir nachfolgend in Form von Audio-Mitschnitten dokumentiert und bei einigen Vortr\u00e4gen haben wir die Pr\u00e4sentationsfolien zur Ansicht bereit gestellt.<\/p>\n\n\n\n<iframe loading=\"lazy\" src=\"https:\/\/player.vimeo.com\/video\/257470587\" webkitallowfullscreen=\"\" mozallowfullscreen=\"\" allowfullscreen=\"\" width=\"640\" height=\"360\" frameborder=\"0\"><\/iframe>\n\n\n\n<p><strong>Vortragsreihe: Saatgut ist Kulturgut (Pr\u00e4sentationen und Audio-Mitschnitte)<\/strong><\/p>\n\n\n\n<p><strong>Fruchtbarkeit von Gartenb\u00f6den f\u00f6rdern und erhalten<\/strong><br>Nicola Selmayr (<a rel=\"noreferrer noopener\" target=\"_blank\" href=\"http:\/\/www.ludwig-engelhart.de\/\">Fa. Ludwig Engelhart<\/a> &#8211; organische D\u00fcngemittel) <a rel=\"noreferrer noopener\" target=\"_blank\" href=\"https:\/\/drive.google.com\/open?id=1RI_JP2CA2Bb2WMy7MhYn8-lXWsq1Iaio\">Audio-Mitschnitt [MP3]<br><\/a><a rel=\"noreferrer noopener\" target=\"_blank\" href=\"https:\/\/drive.google.com\/file\/d\/17m-5Ix5DmQuwSXlLTvKY9dlNyBEI_Sgx\/view?usp=sharing\">Pr\u00e4sentation [PDF]<\/a><\/p>\n\n\n\n<p><strong>Urban Gardening \u2013 Erdmanagement f\u00fcr kleine Gef\u00e4\u00dfe, Bio-Saatgut, erfolgreiche<br>Sorten<\/strong><br><a rel=\"noreferrer noopener\" target=\"_blank\" href=\"http:\/\/www.lebendiges-naturerleben.de\">Christine Nimmerfall<\/a><a rel=\"noreferrer noopener\" target=\"_blank\" href=\"https:\/\/drive.google.com\/open?id=1G5ktpF6BdVUJqUXR3wbOiF_vRLvCypMg\">Audio-Mitschnitt [MP3]<br><\/a><a rel=\"noreferrer noopener\" target=\"_blank\" href=\"https:\/\/drive.google.com\/file\/d\/1jcd_8aCA-Y99eHNzx85kzETjVjNv6Abp\/view?usp=sharing\">Pr\u00e4sentation [PDF]<\/a><\/p>\n\n\n\n<p><strong>Vielfalt erhalten \u2013 Sameng\u00e4rtnerei im Hausgarten<\/strong><br><a rel=\"noreferrer noopener\" target=\"_blank\" href=\"http:\/\/www.garten-des-lebens.de\/\">Annette Holl\u00e4nder<\/a> (Garten des Lebens)<br><a rel=\"noreferrer noopener\" target=\"_blank\" href=\"https:\/\/drive.google.com\/open?id=1YvJD9n4OwtJ4ESjQRqy858BxJ2qs9Xwf\">Audio-Mitschnitt [MP3] <\/a><a rel=\"noreferrer noopener\" target=\"_blank\" href=\"https:\/\/drive.google.com\/file\/d\/1aqlU_nXS2gwCHJbEjE_mkxpG6Omvnau8\/view?usp=sharing\">Pr\u00e4sentation [PDF]<\/a><\/p>\n\n\n\n<p><strong>Glyphosat \u2013\u2026 und was kommt danach?<\/strong><a rel=\"noreferrer noopener\" target=\"_blank\" href=\"http:\/\/www.oeko-und-fair.de\"> <\/a><br><a rel=\"noreferrer noopener\" target=\"_blank\" href=\"http:\/\/www.oeko-und-fair.de\">Christiane L\u00fcst<\/a> (\u00d6ko &amp; Fair) <br><a rel=\"noreferrer noopener\" target=\"_blank\" href=\"https:\/\/https:\/\/drive.google.com\/open?id=1nORGayQgd1puETr0MW57_euHP_D4XLoT\">Audio-Mitschnitt [MP3]<\/a><\/p>\n\n\n\n<p><strong>Gentechnik durch die Hintert\u00fcr<\/strong><br>Dr. Hannelore Schnell<br><a rel=\"noreferrer noopener\" target=\"_blank\" href=\"https:\/\/drive.google.com\/open?id=1r7oa9vhdue0iBf7eAJxpSrMxjlOrYqzF\">Audio-Mitschnitt [MP3]<\/a><\/p>\n\n\n\n<p><strong>Klima- und Bodenschutz durch naturnahen Landbau und Terra preta \u2013 weshalb der industrielle Landbau nicht nachhaltig ist<\/strong><br>Prof. Dr. Ernst Schrimpff<br><a rel=\"noreferrer noopener\" target=\"_blank\" href=\"https:\/\/drive.google.com\/open?id=1WRbFyfi-Js8oo8fIl4sBc-UzgEwJ0yOP\">Audio-Mitschnitt [MP3] <\/a><a rel=\"noreferrer noopener\" target=\"_blank\" href=\"https:\/\/drive.google.com\/file\/d\/1Slu6hEaKEj-uGqhNgPQ0sfAeJ7HVCN7R\/view?usp=sharing\">Pr\u00e4sentation [PDF]<\/a><\/p>\n\n\n\n<h2 class=\"wp-block-heading\">Ausstellerverzeichnis<\/h2>\n\n\n\n<figure class=\"wp-block-table\"><table><tbody><tr><td><a href=\"https:\/\/www.arche-noah.at\/\" target=\"_blank\" rel=\"noreferrer noopener\">Arche Noah<\/a><\/td><td>Vorstellung Erhalternetzwerk, Saatgut, B\u00fccher<\/td><\/tr><tr><td><a href=\"http:\/\/bio-kraeuter.de\/\" target=\"_blank\" rel=\"noreferrer noopener\">Biog\u00e4rtnerei Herb<\/a><\/td><td>Kr\u00e4uter- und Gem\u00fcsesamen<\/td><\/tr><tr><td><a target=\"_blank\" href=\"http:\/\/imkereipixis.de\/\" rel=\"noreferrer noopener\">Demeter Imkerei Andreas Pixis<\/a><\/td><td>Honig<\/td><\/tr><tr><td><a target=\"_blank\" href=\"http:\/\/www.oebz.de\/default.asp?Menue=246\" rel=\"noreferrer noopener\">Experimentiergarten am \u00d6BZ<\/a><\/td><td>Projekt Bohnenvielfalt<\/td><\/tr><tr><td><a href=\"http:\/\/www.garten-des-lebens.de\/\" target=\"_blank\" rel=\"noreferrer noopener\">Garten des Lebens<\/a><\/td><td>Saatgut aus Erhaltungsanbau<\/td><\/tr><tr><td><a href=\"http:\/\/www.kartoffelhof-stoerkle.de\/\" target=\"_blank\" rel=\"noreferrer noopener\">Kartoffelhof St\u00f6rkle<\/a><\/td><td>Bunte Kartoffelvielfalt<\/td><\/tr><tr><td><a target=\"_blank\" href=\"http:\/\/www.lbv-muenchen.de\/\" rel=\"noreferrer noopener\">LBV Kreisgruppe M\u00fcnchen<\/a><\/td><td>Infostand zu torffreier Erde<\/td><\/tr><tr><td><a href=\"http:\/\/www.lilatomate.de\/\" target=\"_blank\" rel=\"noreferrer noopener\">Lila Tomate<\/a><\/td><td>Saatgut von \u00fcber 300 Tomaten, B\u00fccher<\/td><\/tr><tr><td><a target=\"_blank\" href=\"http:\/\/www.ludwig-engelhart.de\/\" rel=\"noreferrer noopener\">Ludwig Engelhart<\/a><\/td><td>\u00d6kologische D\u00fcngemittel<\/td><\/tr><tr><td><a href=\"http:\/\/www.naturgarten.org\/regionalgruppen\/muenchen.html\" target=\"_blank\" rel=\"noreferrer noopener\">Naturgarten e.V., Regionalgruppe M\u00fcnchen<\/a><\/td><td>Infostand<\/td><\/tr><tr><td><a href=\"http:\/\/oekom.de\/\" target=\"_blank\" rel=\"noreferrer noopener\">oekom Verlag<\/a><\/td><td>B\u00fccher, Klimasparbuch<\/td><\/tr><tr><td><a href=\"http:\/\/www.oeko-und-fair.de\/?page_id=2\" target=\"_blank\" rel=\"noreferrer noopener\">\u00d6ko &amp; Fair<\/a><\/td><td>Samenfestes Saatgut, DVDs, B\u00fccher<\/td><\/tr><tr><td><a href=\"http:\/\/www.pflanzgutes.com\/wordpress\/\" target=\"_blank\" rel=\"noreferrer noopener\">Pflanz&#8216; Gutes<\/a><\/td><td>Gem\u00fcse- und Kr\u00e4utersamen aus Permakultur<\/td><\/tr><tr><td><a href=\"http:\/\/www.gartenschaetze.org\/\" target=\"_blank\" rel=\"noreferrer noopener\">Regenbogenschmiede<\/a><\/td><td>Vielfaltsaatgut, Kr\u00e4utertees u.a.<\/td><\/tr><tr><td>Rita Lichtenegger<\/td><td>Saatgut seltener und historischer Sorten<\/td><\/tr><tr><td><a rel=\"noreferrer noopener\" href=\"http:\/\/slowfood-muenchen.de\/\" target=\"_blank\">Slow Food M\u00fcnchen<\/a> &amp; <a rel=\"noreferrer noopener\" href=\"http:\/\/www.genussgemeinschaft.de\/\" target=\"_blank\">Genussgemeinschaft St\u00e4dter und Bauern<\/a><\/td><td>Infostand Slow Food Arche Saatgut<\/td><\/tr><tr><td><a href=\"http:\/\/urbane-gaerten-muenchen.de\/\" target=\"_blank\" rel=\"noreferrer noopener\">Urbane G\u00e4rten M\u00fcnchen<\/a><\/td><td>Infostand<\/td><\/tr><tr><td><a href=\"http:\/\/www.nutzpflanzenvielfalt.de\/\" target=\"_blank\" rel=\"noreferrer noopener\">VEN<\/a><\/td><td>Infostand<\/td><\/tr><\/tbody><\/table><\/figure>\n","protected":false},"excerpt":{"rendered":"<p>4. Saatgut-Festival am \u00d6BZ Am 25. Februar 2018 veranstalteten das M\u00fcnchner Umwelt-Zentrum und der Verein f\u00fcr Nutzpflanzenvielfalt (VEN) von 10 bis 17 Uhr das 4. Saatgut-Festival im \u00d6BZ. Auch in diesem Jahr str\u00f6mten hunderte Interessierte zum \u00d6kologischen Bildungszentrum. Insgesamt z\u00e4hlten &hellip;<\/p>\n<p class=\"read-more\"> <a class=\"more-link\" href=\"https:\/\/saatgutvielfalt.oebz.de\/index.php\/saatgut-festival\/4-saatgut-festival\/\"> <span class=\"screen-reader-text\">4. Saatgut-Festival 2018<\/span> Weiterlesen &raquo;<\/a><\/p>\n","protected":false},"author":2,"featured_media":0,"parent":192,"menu_order":0,"comment_status":"closed","ping_status":"closed","template":"","meta":{"footnotes":""},"class_list":["post-686","page","type-page","status-publish","hentry"],"_links":{"self":[{"href":"https:\/\/saatgutvielfalt.oebz.de\/index.php\/wp-json\/wp\/v2\/pages\/686","targetHints":{"allow":["GET"]}}],"collection":[{"href":"https:\/\/saatgutvielfalt.oebz.de\/index.php\/wp-json\/wp\/v2\/pages"}],"about":[{"href":"https:\/\/saatgutvielfalt.oebz.de\/index.php\/wp-json\/wp\/v2\/types\/page"}],"author":[{"embeddable":true,"href":"https:\/\/saatgutvielfalt.oebz.de\/index.php\/wp-json\/wp\/v2\/users\/2"}],"replies":[{"embeddable":true,"href":"https:\/\/saatgutvielfalt.oebz.de\/index.php\/wp-json\/wp\/v2\/comments?post=686"}],"version-history":[{"count":2,"href":"https:\/\/saatgutvielfalt.oebz.de\/index.php\/wp-json\/wp\/v2\/pages\/686\/revisions"}],"predecessor-version":[{"id":692,"href":"https:\/\/saatgutvielfalt.oebz.de\/index.php\/wp-json\/wp\/v2\/pages\/686\/revisions\/692"}],"up":[{"embeddable":true,"href":"https:\/\/saatgutvielfalt.oebz.de\/index.php\/wp-json\/wp\/v2\/pages\/192"}],"wp:attachment":[{"href":"https:\/\/saatgutvielfalt.oebz.de\/index.php\/wp-json\/wp\/v2\/media?parent=686"}],"curies":[{"name":"wp","href":"https:\/\/api.w.org\/{rel}","templated":true}]}}