{"id":662,"date":"2021-04-12T09:33:50","date_gmt":"2021-04-12T08:33:50","guid":{"rendered":"https:\/\/saatgutvielfalt.oebz.de\/?page_id=662"},"modified":"2021-04-12T10:34:47","modified_gmt":"2021-04-12T09:34:47","slug":"6-saatgut-festival-2020","status":"publish","type":"page","link":"https:\/\/saatgutvielfalt.oebz.de\/index.php\/saatgut-festival\/6-saatgut-festival-2020\/","title":{"rendered":"6. Saatgut-Festival 2020"},"content":{"rendered":"\n<h2 class=\"wp-block-heading\">6. Saatgut-Festival 2020<\/h2>\n\n\n\n<p>Am 8. M\u00e4rz 2020 durften noch gr\u00f6\u00dfere Veranstaltungen wie das Saatgut-Festival am \u00d6BZ stattfinden. Noch waren die Infektionszahlen in M\u00fcnchen niedrig. Aber schon damals war ein achtsamer Umgang untereinander gefordert. Im \u00d6BZ hatten wir f\u00fcr gute Hygienebedingungen gesorgt, Desinfektionsmittel stand bereit, die Sanit\u00e4ren Anlagen, die Handl\u00e4ufe und T\u00fcrgriffe wurden immer wieder damit behandelt. Schon damals &#8211; zu Beginn der Corona-Zeit &#8211; gaben wir die Losung aus: L\u00e4cheln statt H\u00e4nde sch\u00fctteln. Gel\u00e4chelt hat an diesem Tag auch die Sonne. So hat das Wetter uns in die Karten gespielt. Es gab daher kein gro\u00dfes Gedr\u00e4nge, denn das Publikum verteillte sich gerne auf dem Vorplatz und auf den Freifl\u00e4chen. Wir bedanken und an dieser Stelle nochmals bei allen unseren G\u00e4sten &#8211; daf\u00fcr dass sie da waren und r\u00fccksichtsvoll miteinander umgegangen sind.<\/p>\n\n\n\n<figure class=\"wp-block-embed is-type-video is-provider-vimeo wp-block-embed-vimeo wp-embed-aspect-16-9 wp-has-aspect-ratio\"><div class=\"wp-block-embed__wrapper\">\n<iframe loading=\"lazy\" title=\"6. Saatgut-Festival im \u00d6BZ (2020)\" src=\"https:\/\/player.vimeo.com\/video\/406369411?dnt=1&amp;app_id=122963\" width=\"605\" height=\"340\" frameborder=\"0\" allow=\"autoplay; fullscreen; picture-in-picture; clipboard-write\"><\/iframe>\n<\/div><\/figure>\n\n\n\n<p>Es war auch dieses Mal wieder ein interessantes Rahmenprogramm mit Infomarkt, Tauschb\u00f6rse, Vortr\u00e4gen und offener Kinderaktion.<\/p>\n\n\n\n<p><strong>PROGRAMM<\/strong><\/p>\n\n\n\n<p><strong>10 bis 17 Uhr \/ Saatgutmarkt Vielfalt erhalten und genie\u00dfen!<\/strong><\/p>\n\n\n\n<p>Saatgut alter und regionaler Kulturpflanzen ist im Handel immer seltener erh\u00e4ltlich. Auf dem Markt des 6. Saatgut-Festivals im \u00d6BZ konnten Besucher\/innen die bunte Palette alter und samenfester Kultursorten, wie Hunderte von Tomatensorten, samenfeste Z\u00fcchtungen von Bingenheimer und Saatgut vieler seltener Gem\u00fcserarit\u00e4ten von regionalen und \u00f6kologischen Saatguterhalter\/innen f\u00fcr die kommende Saison erwerben. (Liste der Markt- und Infost\u00e4nde s.u.)<\/p>\n\n\n\n<hr class=\"wp-block-separator\"\/>\n\n\n\n<p><strong>11 bis 16 Uhr \/ Vortragsreihe Saatgut ist Kulturgut<\/strong><\/p>\n\n\n\n<p>Eine interessante Vortragsreihe rund um das Thema Saatgut. Von der Sameng\u00e4rtnerei im eigenen Hausgarten und der Erhaltung alter Sorten in Gemeinschaftsg\u00e4rten, \u00fcber Wildblumensamen und Bienenweiden-Informationen, gentechnisch ver\u00e4ndertes Saatgut bis hin zur aktuellen Entwicklung in der Bio-Z\u00fcchtung reichten die Beitr\u00e4ge der Referent(inn)en und Saatguterhalter\/innen. (s.u.)<\/p>\n\n\n\n<hr class=\"wp-block-separator\"\/>\n\n\n\n<p><strong>10 bis 13 Uhr \/ Saatgut-Tauschb\u00f6rse<\/strong><\/p>\n\n\n\n<p>Die Tauschb\u00f6rse ludnalle G\u00e4rtnerinnen und G\u00e4rtner, die selber Saatgut vermehren und abgeben m\u00f6chten, zum Treffen und Austausch mit Gleichgesinnten ein. Auch Neueinsteiger*innen, die (noch) nichts zum Tauschen anbieten konnten, waren herzlich willkommen, und konnten Saatgut einiger Sorten mitnehmen.<\/p>\n\n\n\n<p>Erg\u00e4nzend zur Tauschb\u00f6rse bot die Ausstellung der Infobl\u00e4tter \u201eVielfalt erhalten \u2013 wie geht das?&#8220; vom Dachverband Kulturpflanzen- und Nutztiervielfalt e.V. sehr anschaulich Informationen zur Saatgutgewinnung und -vermehrung. Diese Infobl\u00e4tter stehen auf der VEN-Website unter <a href=\"https:\/\/www.nutzpflanzenvielfalt.de\/vielfalt_bewahren\">https:\/\/www.nutzpflanzenvielfalt.de\/vielfalt_bewahren<\/a> zum Download bereit.<\/p>\n\n\n\n<hr class=\"wp-block-separator\"\/>\n\n\n\n<p><strong>14 bis 16:30 Uhr \/Veredelung von Obstgeh\u00f6lzen<\/strong><br>Oliver Braunold und Michael S\u00f6ltl demonstrieren die Veredelung von Obstgeh\u00f6lzen.<\/p>\n\n\n\n<hr class=\"wp-block-separator\"\/>\n\n\n\n<p><strong>14 bis 17 Uhr \/ Kindermitmachaktion: Saatkugeln und eigenes Minig\u00e4rtchen gestalten<\/strong><\/p>\n\n\n\n<p>Auf die Samen, fertig &#8211; los! Hier konnten Kinder bunte &#8222;Explosionen&#8220; vorbereiten, die im Fr\u00fchling ihre Wirkung nicht verfehlen werden! Samen, die von den G\u00e4rtner\/innen am \u00d6BZ im Herbst gesammelt wurden, bereiteten die Kinder sorgsam vor und f\u00fcllten sie in selbst gestaltete Sament\u00fctchen zum Mitnehmen f\u00fcr den heimischen Balkon und Garten. Gem\u00fcsesamen wurden gleich in die Erde gesetzt zum Vorziehen an der Fensterbank. \u00dcber das Heranziehen bunter Pflanzenteppiche f\u00f6rdern wir so die Bienenweide und steigern das Nahrungsangebot f\u00fcr heimische Insekten.<\/p>\n\n\n\n<hr class=\"wp-block-separator\"\/>\n\n\n\n<p><strong>Liste der MarktteilnehmerInnen<\/strong><\/p>\n\n\n\n<table style=\"width: 100%; border: 1px solid black; border-collapse: collapse; background-color: rgb(238, 249, 238);\" width=\"\" cellspacing=\"0\" cellpadding=\"5\" border=\"1\" align=\"left\">\n    <tbody>\n      <tr>\n        <td style=\"border: 1px solid black;\" valign=\"top\">\n          <p><a href=\"https:\/\/www.arche-noah.at\/\" target=\"_blank\" rel=\"noopener\">Arche Noah<\/a><\/p><\/td>\n        <td style=\"border: 1px solid black;\" valign=\"top\">\n          <p>Vorstellung Erhalternetzwerk, Saatgut, B\u00fccher<\/p><\/td>\n      <\/tr>\n      <tr>\n        <td style=\"border: 1px solid black;\" valign=\"top\">\n          <p><a href=\"http:\/\/bio-kraeuter.de\/\" target=\"_blank\" rel=\"noopener\">Biog\u00e4rtnerei Herb<\/a><\/p><\/td>\n        <td style=\"border: 1px solid black;\" valign=\"top\">\n          <p>Kr\u00e4uter- und Gem\u00fcsesamen<\/p><\/td>\n      <\/tr>\n      <tr>\n        <td style=\"border: 1px solid black;\" valign=\"top\">\n          <p><a target=\"_blank\" href=\"https:\/\/biobrandl.de\" title=\"Biohof Brandl\" rel=\"noopener\">Biohof Brandl<br \/>\n              <\/a><\/p><\/td>\n        <td style=\"border: 1px solid black;\" valign=\"top\">\n          <p>Gebrannte Haseln\u00fcsse<br \/>\n            <\/p><\/td>\n      <\/tr>\n      <tr>\n        <td style=\"border: 1px solid black;\" valign=\"top\"><a target=\"_blank\" title=\"Naturerlebnisg\u00e4rten\" href=\"http:\/\/www.naturerlebnisgaerten.de\" rel=\"noopener\">Naturerlebnisg\u00e4rten \/ Michls Tomatenvielfalt<\/a><br \/>\n          <\/td>\n        <td style=\"border: 1px solid black;\" valign=\"top\">Tomatenvielfalt, Kr\u00e4uter und mehr<br \/>\n          <\/td>\n      <\/tr>\n      <tr>\n        <td style=\"border: 1px solid black;\" valign=\"top\">\n          <p><a href=\"https:\/\/www.oebz.de\/default.asp?Menue=246\" target=\"_blank\" rel=\"noopener\">Experimentiergarten am \u00d6BZ<\/a><\/p><\/td>\n        <td style=\"border: 1px solid black;\" valign=\"top\">\n          <p>Projekt Bohnenvielfalt<\/p><\/td>\n      <\/tr>\n      <tr>\n        <td style=\"border: 1px solid black;\" valign=\"top\">\n          <p><a href=\"http:\/\/www.garten-des-lebens.de\/\" target=\"_blank\" rel=\"noopener\">Garten des Lebens<\/a><\/p><\/td>\n        <td style=\"border: 1px solid black;\" valign=\"top\">\n          <p>Saatgut aus Erhaltungsanbau<\/p><\/td>\n      <\/tr>\n      <tr>\n        <td style=\"border: 1px solid black;\" valign=\"top\"><a target=\"_blank\" title=\"M\u00fcnchen summt\" href=\"https:\/\/muenchen.deutschland-summt.de\" rel=\"noopener\">M\u00fcnchen summt<\/a><br \/>\n          <\/td>\n        <td style=\"border: 1px solid black;\" valign=\"top\">Infostand<br \/>\n          <\/td>\n      <\/tr>\n      <tr>\n        <td style=\"border: 1px solid black;\" valign=\"top\">\n          <p><a href=\"http:\/\/www.kartoffelhof-stoerkle.de\/\" target=\"_blank\" rel=\"noopener\">Kartoffelhof St\u00f6rkle<\/a><\/p><\/td>\n        <td style=\"border: 1px solid black;\" valign=\"top\">\n          <p>Bunte Kartoffelvielfalt<\/p><\/td>\n      <\/tr>\n      <tr>\n        <td style=\"border: 1px solid black;\" valign=\"top\">\n          <p><a href=\"http:\/\/www.lilatomate.de\/\" target=\"_blank\" rel=\"noopener\">Lila Tomate<\/a><\/p><\/td>\n        <td style=\"border: 1px solid black;\" valign=\"top\">\n          <p>Saatgut von \u00fcber 300 Tomaten, B\u00fccher<\/p><\/td>\n      <\/tr>\n      <tr>\n        <td style=\"border: 1px solid black;\" valign=\"top\">\n          <p><a target=\"_blank\" href=\"http:\/\/www.naturgarten.org\/regionalgruppen\/muenchen.html\" rel=\"noopener\">Naturgarten e.V., Regionalgruppe M\u00fcnchen und Netzwerk Bl\u00fchende Landschaft, Garching<\/a><br \/>\n            <\/p><\/td>\n        <td style=\"border: 1px solid black;\" valign=\"top\">\n          <p>Infostand zu bienenfreundlichem Saatgut, Vernetzung<br \/>\n            <\/p><\/td>\n      <\/tr>\n      <tr>\n        <td style=\"border: 1px solid black;\" valign=\"top\">\n          <p><a href=\"http:\/\/www.obstgaertnerei.de\/\" target=\"_blank\" rel=\"noopener\">Obstg\u00e4rtnerei Braunhold<br \/>\n              <\/a><\/p><\/td>\n        <td style=\"border: 1px solid black;\" valign=\"top\">Infostand zu alten Obstsorten<br \/>\n          <\/td>\n      <\/tr>\n      <tr>\n        <td style=\"border: 1px solid black;\" valign=\"top\">\n          <p><a href=\"http:\/\/oekom.de\/\" target=\"_blank\" rel=\"noopener\">oekom Verlag<\/a><\/p><\/td>\n        <td style=\"border: 1px solid black;\" valign=\"top\">\n          <p>B\u00fccher und Zeitschriften<br \/>\n            <\/p><\/td>\n      <\/tr>\n      <tr>\n        <td style=\"border: 1px solid black;\" valign=\"top\">\n          <p><a href=\"http:\/\/www.oeko-und-fair.de\/?page_id=2\" target=\"_blank\" rel=\"noopener\">\u00d6ko &amp; Fair<\/a><\/p><\/td>\n        <td style=\"border: 1px solid black;\" valign=\"top\">\n          <p>Samenfestes Saatgut, DVDs, B\u00fccher<\/p><\/td>\n      <\/tr>\n      <tr>\n        <td style=\"border: 1px solid black;\" valign=\"top\"><br \/>\n          <\/td>\n        <td style=\"border: 1px solid black;\" valign=\"top\"><br \/>\n          <\/td>\n      <\/tr>\n      <tr>\n        <td style=\"border: 1px solid black;\" valign=\"top\">\n          <p><a href=\"http:\/\/www.gartenschaetze.org\/\" target=\"_blank\" rel=\"noopener\">Regenbogenschmiede<\/a><\/p><\/td>\n        <td style=\"border: 1px solid black;\" valign=\"top\">\n          <p>Vielfaltsaatgut, Kr\u00e4utertees u.a.<\/p><\/td>\n      <\/tr>\n      <tr>\n        <td style=\"border: 1px solid black;\" valign=\"top\">\n          <p>Rita Lichtenegger<\/p><\/td>\n        <td style=\"border: 1px solid black;\" valign=\"top\">\n          <p>Saatgut seltener und historischer Sorten<\/p><\/td>\n      <\/tr>\n      <tr>\n        <td style=\"border: 1px solid black;\" valign=\"top\"><br \/>\n          <\/td>\n        <td style=\"border: 1px solid black;\" valign=\"top\"><br \/>\n          <\/td>\n      <\/tr>\n      <tr>\n        <td style=\"border: 1px solid black;\" valign=\"top\">\n          <p><a href=\"http:\/\/urbane-gaerten-muenchen.de\/\" target=\"_blank\" rel=\"noopener\">Urbane G\u00e4rten M\u00fcnchen<\/a><\/p><\/td>\n        <td style=\"border: 1px solid black;\" valign=\"top\">\n          <p>Infostand<\/p><\/td>\n      <\/tr>\n      <tr>\n        <td style=\"border: 1px solid black;\" valign=\"top\">\n          <p><a href=\"http:\/\/www.nutzpflanzenvielfalt.de\/\" target=\"_blank\" rel=\"noopener\">VEN e.V., Regionalgruppe Markt Schwaben<\/a><br \/>\n            <\/p><\/td>\n        <td style=\"border: 1px solid black;\" valign=\"top\">\n          <p>Infostand<\/p><\/td>\n      <\/tr>\n    <\/tbody>\n  <\/table>\n  <p><br \/>\n    <\/p>\n  <p>&nbsp;<\/p>\n  <p><span style=\"font-weight: bold;\"><\/span><\/p><hr \/>\n  \n  <p><span style=\"font-weight: bold;\">Vortragsprogramm<br \/>\n      <\/span><\/p><\/div>\n<table style=\"width: 100%; border: 1px solid black; border-collapse: collapse; background-color: rgb(223, 241, 223);\" width=\"\" cellspacing=\"0\" cellpadding=\"5\" border=\"1\" align=\"\">\n  <tbody>\n    <tr>\n      <td style=\"border: 1px solid black;\" width=\"104\" valign=\"top\">\n        <p><span style=\"font-weight: bold;\">Beginn<\/span><\/p><\/td>\n      <td style=\"border: 1px solid black;\" width=\"270\" valign=\"top\">\n        <p><span style=\"font-weight: bold;\">ReferentInnen<\/span><\/p><\/td>\n      <td style=\"border: 1px solid black;\" width=\"230\" valign=\"top\">\n        <p><span style=\"font-weight: bold;\">Thema\/Titel <\/span><\/p>\n        <p><span style=\"font-weight: bold;\"><\/span><\/p><\/td>\n    <\/tr>\n    <tr>\n      <td style=\"border: 1px solid black;\" width=\"104\" valign=\"top\">\n        <p>11 Uhr<\/p><\/td>\n      <td style=\"border: 1px solid black;\" width=\"270\" valign=\"top\">\n        <p>Christine Nimmerfall,<br \/>\n          Lebendiges Naturerleben<br \/>\n          <\/p><\/td>\n      <td style=\"border: 1px solid black;\" width=\"230\" valign=\"top\">\n        <p>Klimafreundliches G\u00e4rtnern in K\u00fcbeln, K\u00e4sten und auf kleinen Fl\u00e4chen<\/p>\n        <div><a target=\"_blank\" title=\"Pr\u00e4sentation Christine Nimmerfall\" href=\"https:\/\/oebz.de\/global\/download\/%7BDQFUQDUWKI-47202015136-AVNDEWZCRN%7D.pdf\" rel=\"noopener\">Pr\u00e4sentation als PDF <\/a><br \/>\n          \n          <div>&nbsp;<\/div><\/div><\/td>\n    <\/tr>\n    <tr>\n      <td style=\"border: 1px solid black;\" width=\"104\" valign=\"top\">\n        <p>12 Uhr<\/p><\/td>\n      <td style=\"border: 1px solid black;\" width=\"270\" valign=\"top\">\n        <p>Hannelore Schnell,<br \/>\n          Biologin<br \/>\n          <\/p><\/td>\n      <td style=\"border: 1px solid black;\" width=\"230\" valign=\"top\">\n        <p>Neue Gentechnik \u2013 notwendig f\u00fcr eine zukunftsf\u00e4hige Landwirtschaft?<\/p>\n        <div><a target=\"_blank\" title=\"Pr\u00e4sentation Hannelore Schnell\" href=\"https:\/\/oebz.de\/global\/download\/%7BMKKMSSPRBF-472020145824-YKVCWDGDCP%7D.pdf\" rel=\"noopener\">Pr\u00e4sentation als PDF<\/a>\n          <div>&nbsp;<\/div><\/div><\/td>\n    <\/tr>\n    <tr>\n      <td style=\"border: 1px solid black;\" width=\"104\" valign=\"top\">\n        <p>13 Uhr<\/p><\/td>\n      <td style=\"border: 1px solid black;\" width=\"270\" valign=\"top\">\n        <p>Annette Holl\u00e4nder,<br \/>\n          Garten des Lebens<\/p><\/td>\n      <td style=\"border: 1px solid black;\" width=\"230\" valign=\"top\">\n        <p>Vielfalt erhalten \u2013 Sameng\u00e4rtnerei im Hausgarten<\/p>\n        <div><a target=\"_blank\" title=\"Pr\u00e4sentation Annette Holl\u00e4nder\" href=\"https:\/\/oebz.de\/global\/download\/%7BJMUOXSAIHS-472020145636-OFKLUWUHHF%7D.pdf\" rel=\"noopener\">Pr\u00e4sentation als PDF<\/a>\n          <div>&nbsp;<\/div><\/div><\/td>\n    <\/tr>\n    <tr>\n      <td style=\"border: 1px solid black;\" width=\"104\" valign=\"top\">\n        <p>14 Uhr<\/p><\/td>\n      <td style=\"border: 1px solid black;\" width=\"270\" valign=\"top\">\n        <p>Christine Nimmerfall,<br \/>\n          Lebendiges Naturerleben<\/p><\/td>\n      <td style=\"border: 1px solid black;\" width=\"230\" valign=\"top\">\n        <p>Klimafreundliches G\u00e4rtnern in K\u00fcbeln, K\u00e4sten und auf kleinen Fl\u00e4chen<\/p>\n        <div><a target=\"_blank\" title=\"Pr\u00e4sentation Christine Nimmerfall\" href=\"https:\/\/oebz.de\/global\/download\/%7BDQFUQDUWKI-47202015136-AVNDEWZCRN%7D.pdf\" rel=\"noopener\">Pr\u00e4sentation als PDF <\/a>\n          <div>&nbsp;<\/div><\/div><\/td>\n    <\/tr>\n    <tr>\n      <td style=\"border: 1px solid black;\" width=\"104\" valign=\"top\">\n        <p>15 Uhr<\/p><\/td>\n      <td style=\"border: 1px solid black;\" width=\"270\" valign=\"top\">\n        <p><span lang=\"SV\">Annette Holl\u00e4nder,<br \/>\n            Garten des Lebens<\/span><\/p>\n        <p><span lang=\"SV\"><\/span><\/p><\/td>\n      <td style=\"border: 1px solid black;\" width=\"230\" valign=\"top\">\n        <p>Vielfalt erhalten \u2013 Sameng\u00e4rtnerei im Hausgarten<\/p>\n        <div><a target=\"_blank\" title=\"Pr\u00e4sentation Annette Holl\u00e4nder\" href=\"https:\/\/oebz.de\/global\/download\/%7BJMUOXSAIHS-472020145636-OFKLUWUHHF%7D.pdf\" rel=\"noopener\">Pr\u00e4sentation als PDF<\/a>\n          <div>&nbsp;<\/div><\/div><\/td>\n    <\/tr>\n    <tr>\n      <td style=\"border: 1px solid black;\" width=\"104\" valign=\"top\">\n        <p>16 Uhr<\/p><\/td>\n      <td style=\"border: 1px solid black;\" width=\"270\" valign=\"top\">\n        <p>Christoph Then,<br \/>\n          Kein Patent auf Saatgut<\/p><\/td>\n      <td style=\"border: 1px solid black;\" width=\"230\" valign=\"top\">\n        <p>Aktuelle Situation der Patentierung konventioneller Z\u00fcchtungen<\/p>\n        <div><a target=\"_blank\" title=\"Pr\u00e4sentation Dr. Christoph Then\" href=\"https:\/\/oebz.de\/global\/download\/%7BZAJIZHYOML-4720201509-NVYNCXPDXV%7D.pdf\" rel=\"noopener\">Pr\u00e4sentation als PDF<\/a>\n          <div>&nbsp;<\/div><\/div><\/td>\n    <\/tr>\n  <\/tbody>\n<\/table>\n\n\n\n<p>Das Saatgut-Festival 2020 wurde unterst\u00fctzt durch:<\/p>\n\n\n\n<figure class=\"wp-block-image size-large is-resized\"><img loading=\"lazy\" decoding=\"async\" src=\"https:\/\/saatgutvielfalt.oebz.de\/wp-content\/uploads\/2021\/04\/Biostadt_RGU.jpg\" alt=\"\" class=\"wp-image-672\" width=\"366\" height=\"77\" srcset=\"https:\/\/saatgutvielfalt.oebz.de\/wp-content\/uploads\/2021\/04\/Biostadt_RGU.jpg 732w, https:\/\/saatgutvielfalt.oebz.de\/wp-content\/uploads\/2021\/04\/Biostadt_RGU-300x63.jpg 300w, https:\/\/saatgutvielfalt.oebz.de\/wp-content\/uploads\/2021\/04\/Biostadt_RGU-100x21.jpg 100w, https:\/\/saatgutvielfalt.oebz.de\/wp-content\/uploads\/2021\/04\/Biostadt_RGU-150x32.jpg 150w, https:\/\/saatgutvielfalt.oebz.de\/wp-content\/uploads\/2021\/04\/Biostadt_RGU-200x42.jpg 200w, https:\/\/saatgutvielfalt.oebz.de\/wp-content\/uploads\/2021\/04\/Biostadt_RGU-450x95.jpg 450w, https:\/\/saatgutvielfalt.oebz.de\/wp-content\/uploads\/2021\/04\/Biostadt_RGU-600x126.jpg 600w\" sizes=\"auto, (max-width: 366px) 100vw, 366px\" \/><\/figure>\n","protected":false},"excerpt":{"rendered":"<p>6. Saatgut-Festival 2020 Am 8. M\u00e4rz 2020 durften noch gr\u00f6\u00dfere Veranstaltungen wie das Saatgut-Festival am \u00d6BZ stattfinden. Noch waren die Infektionszahlen in M\u00fcnchen niedrig. Aber schon damals war ein achtsamer Umgang untereinander gefordert. Im \u00d6BZ hatten wir f\u00fcr gute Hygienebedingungen &hellip;<\/p>\n<p class=\"read-more\"> <a class=\"more-link\" href=\"https:\/\/saatgutvielfalt.oebz.de\/index.php\/saatgut-festival\/6-saatgut-festival-2020\/\"> <span class=\"screen-reader-text\">6. Saatgut-Festival 2020<\/span> Weiterlesen &raquo;<\/a><\/p>\n","protected":false},"author":2,"featured_media":0,"parent":192,"menu_order":0,"comment_status":"closed","ping_status":"closed","template":"","meta":{"footnotes":""},"class_list":["post-662","page","type-page","status-publish","hentry"],"_links":{"self":[{"href":"https:\/\/saatgutvielfalt.oebz.de\/index.php\/wp-json\/wp\/v2\/pages\/662","targetHints":{"allow":["GET"]}}],"collection":[{"href":"https:\/\/saatgutvielfalt.oebz.de\/index.php\/wp-json\/wp\/v2\/pages"}],"about":[{"href":"https:\/\/saatgutvielfalt.oebz.de\/index.php\/wp-json\/wp\/v2\/types\/page"}],"author":[{"embeddable":true,"href":"https:\/\/saatgutvielfalt.oebz.de\/index.php\/wp-json\/wp\/v2\/users\/2"}],"replies":[{"embeddable":true,"href":"https:\/\/saatgutvielfalt.oebz.de\/index.php\/wp-json\/wp\/v2\/comments?post=662"}],"version-history":[{"count":5,"href":"https:\/\/saatgutvielfalt.oebz.de\/index.php\/wp-json\/wp\/v2\/pages\/662\/revisions"}],"predecessor-version":[{"id":679,"href":"https:\/\/saatgutvielfalt.oebz.de\/index.php\/wp-json\/wp\/v2\/pages\/662\/revisions\/679"}],"up":[{"embeddable":true,"href":"https:\/\/saatgutvielfalt.oebz.de\/index.php\/wp-json\/wp\/v2\/pages\/192"}],"wp:attachment":[{"href":"https:\/\/saatgutvielfalt.oebz.de\/index.php\/wp-json\/wp\/v2\/media?parent=662"}],"curies":[{"name":"wp","href":"https:\/\/api.w.org\/{rel}","templated":true}]}}