{"id":139,"date":"2021-02-11T14:47:57","date_gmt":"2021-02-11T13:47:57","guid":{"rendered":"https:\/\/test.oebz.de\/?page_id=139"},"modified":"2021-02-11T15:05:02","modified_gmt":"2021-02-11T14:05:02","slug":"kontakt","status":"publish","type":"page","link":"https:\/\/saatgutvielfalt.oebz.de\/index.php\/kontakt\/","title":{"rendered":"Kontakt"},"content":{"rendered":"\n<p>M\u00fcnchner Umwelt-Zentrum e.V.<br>\u00d6kologisches Bildungszentrum M\u00fcnchen<br>Englschalkinger Stra\u00dfe 166<br>D-81927 M\u00fcnchen<\/p>\n\n\n\n<p>Telefon +49.89.939489-71<br>E-Mail muz@oebz.de<\/p>\n\n\n\n<h2 class=\"wp-block-heading\">Anfahrt<\/h2>\n\n\n\n<p><strong>Wegbeschreibung<\/strong><br>Das \u00d6BZ liegt im M\u00fcnchner Osten im Stadtteil Bogenhausen in der Englschalkinger Stra\u00dfe. Diese zweigt am Verkehrsknotenpunkt Effnerplatz vom Mittleren Ring ab. In der H\u00f6he von Haus Nr. 164 gibt es entlang der Englschalkinger Stra\u00dfe kostenlose Parkm\u00f6glichkeiten. Die Zufahrt bis zum Haus ist nur f\u00fcr Menschen mit Behinderung m\u00f6glich (Behindertenparkplatz am Haus). Von dort zweigt ein Fu\u00df- und Radweg in die Gr\u00fcnanlage ab. Das \u00d6BZ erreichen Sie nach wenigen Metern.<\/p>\n\n\n\n<p><strong>\u00d6ffentliche Verkehrsmittel<\/strong><br>U4 bis Arabellapark, weiter mit der Tram 17 (16) oder mit den Buslinien 154 \/ 183 \/ 184 \/ X30, Haltestelle Cosimabad oder zu Fu\u00df entlang der Englschalkinger Stra\u00dfe (ca. 10 Min.). Bei Haus Nr. 164 f\u00fchrt ein Fu\u00df- und Radweg zum im Gr\u00fcnen gelegenen \u00d6kologischen Bildungszentrum.<\/p>\n\n\n\n<p><img loading=\"lazy\" decoding=\"async\" width=\"500\" height=\"286\" class=\"wp-image-148\" style=\"width: 500px;\" src=\"https:\/\/test.oebz.de\/wp-content\/uploads\/2021\/02\/OEBZ-Lageplan-2020.jpg\" alt=\"Lageplan\" srcset=\"https:\/\/saatgutvielfalt.oebz.de\/wp-content\/uploads\/2021\/02\/OEBZ-Lageplan-2020.jpg 1451w, https:\/\/saatgutvielfalt.oebz.de\/wp-content\/uploads\/2021\/02\/OEBZ-Lageplan-2020-300x172.jpg 300w, https:\/\/saatgutvielfalt.oebz.de\/wp-content\/uploads\/2021\/02\/OEBZ-Lageplan-2020-1024x586.jpg 1024w, https:\/\/saatgutvielfalt.oebz.de\/wp-content\/uploads\/2021\/02\/OEBZ-Lageplan-2020-768x440.jpg 768w, https:\/\/saatgutvielfalt.oebz.de\/wp-content\/uploads\/2021\/02\/OEBZ-Lageplan-2020-100x57.jpg 100w, https:\/\/saatgutvielfalt.oebz.de\/wp-content\/uploads\/2021\/02\/OEBZ-Lageplan-2020-150x86.jpg 150w, https:\/\/saatgutvielfalt.oebz.de\/wp-content\/uploads\/2021\/02\/OEBZ-Lageplan-2020-200x115.jpg 200w, https:\/\/saatgutvielfalt.oebz.de\/wp-content\/uploads\/2021\/02\/OEBZ-Lageplan-2020-450x258.jpg 450w, https:\/\/saatgutvielfalt.oebz.de\/wp-content\/uploads\/2021\/02\/OEBZ-Lageplan-2020-600x344.jpg 600w, https:\/\/saatgutvielfalt.oebz.de\/wp-content\/uploads\/2021\/02\/OEBZ-Lageplan-2020-900x515.jpg 900w\" sizes=\"auto, (max-width: 500px) 100vw, 500px\" \/><\/p>\n\n\n\n<p>UTM (WGS 84): 32U 695948 5336628<\/p>\n","protected":false},"excerpt":{"rendered":"<p>M\u00fcnchner Umwelt-Zentrum e.V.\u00d6kologisches Bildungszentrum M\u00fcnchenEnglschalkinger Stra\u00dfe 166D-81927 M\u00fcnchen Telefon +49.89.939489-71E-Mail muz@oebz.de Anfahrt WegbeschreibungDas \u00d6BZ liegt im M\u00fcnchner Osten im Stadtteil Bogenhausen in der Englschalkinger Stra\u00dfe. Diese zweigt am Verkehrsknotenpunkt Effnerplatz vom Mittleren Ring ab. In der H\u00f6he von Haus Nr. &hellip;<\/p>\n<p class=\"read-more\"> <a class=\"more-link\" href=\"https:\/\/saatgutvielfalt.oebz.de\/index.php\/kontakt\/\"> <span class=\"screen-reader-text\">Kontakt<\/span> Weiterlesen &raquo;<\/a><\/p>\n","protected":false},"author":2,"featured_media":0,"parent":0,"menu_order":0,"comment_status":"closed","ping_status":"closed","template":"","meta":{"footnotes":""},"class_list":["post-139","page","type-page","status-publish","hentry"],"_links":{"self":[{"href":"https:\/\/saatgutvielfalt.oebz.de\/index.php\/wp-json\/wp\/v2\/pages\/139","targetHints":{"allow":["GET"]}}],"collection":[{"href":"https:\/\/saatgutvielfalt.oebz.de\/index.php\/wp-json\/wp\/v2\/pages"}],"about":[{"href":"https:\/\/saatgutvielfalt.oebz.de\/index.php\/wp-json\/wp\/v2\/types\/page"}],"author":[{"embeddable":true,"href":"https:\/\/saatgutvielfalt.oebz.de\/index.php\/wp-json\/wp\/v2\/users\/2"}],"replies":[{"embeddable":true,"href":"https:\/\/saatgutvielfalt.oebz.de\/index.php\/wp-json\/wp\/v2\/comments?post=139"}],"version-history":[{"count":3,"href":"https:\/\/saatgutvielfalt.oebz.de\/index.php\/wp-json\/wp\/v2\/pages\/139\/revisions"}],"predecessor-version":[{"id":151,"href":"https:\/\/saatgutvielfalt.oebz.de\/index.php\/wp-json\/wp\/v2\/pages\/139\/revisions\/151"}],"wp:attachment":[{"href":"https:\/\/saatgutvielfalt.oebz.de\/index.php\/wp-json\/wp\/v2\/media?parent=139"}],"curies":[{"name":"wp","href":"https:\/\/api.w.org\/{rel}","templated":true}]}}